{"id":5142,"date":"2021-09-23T12:52:38","date_gmt":"2021-09-23T09:52:38","guid":{"rendered":"https:\/\/nuoritaidefolio.fi\/contact-art-maker\/"},"modified":"2021-09-23T12:52:38","modified_gmt":"2021-09-23T09:52:38","slug":"contact-art-maker","status":"publish","type":"page","link":"https:\/\/nuoritaidefolio.fi\/en\/contact-art-maker\/","title":{"rendered":"Contact art maker"},"content":{"rendered":"<div style=\"text-align:center;margin-bottom:2em;\">Olet ottamassa yhteytt\u00e4 tekij\u00e4\u00e4n Contact art maker<\/div>\n\n<div class=\"wp-block-toolset-cred-form\"><form  id=\"cred_form_532_1_1\" class=\"cred-form cred-keep-original\" action=\"\/en\/wp-json\/wp\/v2\/pages\/5142?_tt=1775833945\" data-form=\"{&quot;form_id&quot;:&quot;cred_form_532_1_1&quot;,&quot;use_ajax&quot;:&quot;0&quot;,&quot;wpv_page&quot;:1}\" data-conditionals=\"[]\" method=\"post\">\r\n<div class=\"container-fluid\">\r\n\t<div class=\"row\">\r\n\t\t<div class=\"col-md-12\">\r\n\t\t\t<div id=\"wpt-form-message-532\"\n\t\t\t              data-message-single=\"The post was not saved because of the following problem:\"\n\t\t\t              data-message-plural=\"The post was not saved because of the following %NN problems:\"\n\t\t\t              style=\"display:none;\" class=\"wpt-top-form-error wpt-form-error wpt-form-error-wrapper alert alert-danger alert alert-warning\"><\/div>\r\n\t\t<\/div>\r\n\t<\/div>\r\n\t<div class=\"row\">\r\n      <div class=\"form-group col-md-12\">\r\n\t\t\t<label>Nimesi<\/label>\r\n\t\t\t<div class=\"js-wpt-field-items js-wpt-repetitive wpt-repetitive\" data-initial-conditional=\"\" data-item_name=\"textfield-post_title\">\r\n<input type=\"text\" id=\"cred_form_532_1_1_post_title\" name=\"post_title\" value=\"\" class=\"form-control wpt-form-textfield form-textfield textfield\" output=\"bootstrap\" preset_value=\"\" urlparam=\"\" value_escape=\"\" make_readonly=\"\" placeholder=\"\" select_text=\"\" data-wpt-validate=\"{&quot;required&quot;:{&quot;args&quot;:{&quot;1&quot;:true},&quot;message&quot;:&quot;This field is required&quot;}}\" data-wpt-field-title=\"Yhteydenotto Title\" data-parsley-required=\"true\" data-parsley-required-message=\"This field is required\" data-parsley-credfilesize=\"33554432\" data-wpt-type=\"textfield\" data-wpt-id=\"cred_form_532_1_1_cred_form_532_1_1_post_title\" data-wpt-name=\"post_title\" \/>\r\n<\/div>\r\n\t\t<\/div>\r\n\t<\/div>\r\n\t<div class=\"row\">\r\n\t\t<div class=\"form-group col-md-12\" id=\"taiteilijavalinta\">\r\n\t\t\t<label>Taiteilijan yhteydenotot<\/label>\r\n\t\t\t<div class=\"js-wpt-field-items js-wpt-repetitive wpt-repetitive\" data-initial-conditional=\"\" data-item_name=\"select-@taiteilijan-yhteydenotto.parent\">\r\n<select id=\"cred_form_532_1_1_taiteilijan-yhteydenottoparent\"  preset_value=\"\" urlparam=\"\" make_readonly=\"\" max_width=\"\" max_height=\"\" class=\"form-control wpt-form-select form-select select\" output=\"bootstrap\" select_text=\"--- not set ---\" data-orderby=\"title\" data-order=\"ASC\" data-author=\"\" data-wpt-type=\"select\" name=\"@taiteilijan-yhteydenotto.parent\">\r\n<option value=\"\" class=\"wpt-form-option form-option option\" data-wpt-type=\"option\" data-wpt-id=\"cred_form_532_1_1_cred_form_532_1_1_taiteilijan-yhteydenottoparent\" data-wpt-name=\"@taiteilijan-yhteydenotto.parent\" selected=\"selected\">--- not set ---<\/option>\r\n<\/select>\n<\/div>\r\n\t\t<\/div>\r\n\t<\/div>\r\n\t<div class=\"row\">\r\n\t\t<div class=\"form-group col-md-6\">\r\n\t\t\t<label>Email<\/label>\r\n\t\t\t<div class=\"js-wpt-field-items js-wpt-repetitive wpt-repetitive\" data-initial-conditional=\"\" data-item_name=\"textfield-wpcf-sahkopostiosoite\">\r\n<input type=\"text\" id=\"cred_form_532_1_1_sahkopostiosoite\" name=\"wpcf-sahkopostiosoite\" value=\"\" class=\"form-control wpt-form-textfield form-textfield textfield\" output=\"bootstrap\" preset_value=\"\" urlparam=\"\" preview=\"\" previewsize=\"\" select_label=\"\" edit_label=\"\" value_escape=\"\" make_readonly=\"\" placeholder=\"\" select_text=\"\" data-wpt-type=\"textfield\" data-wpt-id=\"cred_form_532_1_1_cred_form_532_1_1_sahkopostiosoite\" data-wpt-name=\"wpcf-sahkopostiosoite\" \/>\r\n<\/div>\r\n\t\t<\/div>\r\n\t\t<div class=\"form-group col-md-6\">\r\n\t\t\t<label>Puhelinnumero<\/label>\r\n\t\t\t<div class=\"js-wpt-field-items js-wpt-repetitive wpt-repetitive\" data-initial-conditional=\"\" data-item_name=\"textfield-wpcf-puhelinnumero\">\r\n<input type=\"text\" id=\"cred_form_532_1_1_puhelinnumero\" name=\"wpcf-puhelinnumero\" value=\"\" class=\"form-control wpt-form-textfield form-textfield textfield\" output=\"bootstrap\" preset_value=\"\" urlparam=\"\" preview=\"\" previewsize=\"\" select_label=\"\" edit_label=\"\" value_escape=\"\" make_readonly=\"\" placeholder=\"\" select_text=\"\" data-wpt-type=\"textfield\" data-wpt-id=\"cred_form_532_1_1_cred_form_532_1_1_puhelinnumero\" data-wpt-name=\"wpcf-puhelinnumero\" \/>\r\n<\/div>\r\n\t\t<\/div>\r\n\t<\/div>\r\n\t<div class=\"row\">\r\n\t\t<div class=\"form-group col-md-12\">\r\n\t\t\t<label>Viesti<\/label>\r\n\t\t\t<div class=\"js-wpt-field-items js-wpt-repetitive wpt-repetitive\" data-initial-conditional=\"\" data-item_name=\"textarea-wpcf-viesti\">\r\n<textarea id=\"cred_form_532_1_1_viesti\" name=\"wpcf-viesti\" class=\"form-control wpt-form-textarea form-textarea textarea\" output=\"bootstrap\" preset_value=\"\" urlparam=\"\" preview=\"\" previewsize=\"\" select_label=\"\" edit_label=\"\" value_escape=\"\" make_readonly=\"\" placeholder=\"\" select_text=\"\" rows=\"5\" cols=\"1\" data-wpt-type=\"textarea\" data-wpt-id=\"cred_form_532_1_1_cred_form_532_1_1_viesti\" data-wpt-name=\"wpcf-viesti\"><\/textarea>\r\n\r\n<\/div>\r\n\t\t<\/div>\r\n\t<\/div>\r\n\t<div class=\"row\">\r\n\t\t<div class=\"col-md-12\">\r\n\t\t\t<input type=\"submit\" id=\"cred_form_532_1_1_form_submit_1\" name=\"form_submit_1\" value=\"L\u00e4het\u00e4 viesti\" class=\"btn btn-primary btn-lg wpt-form-submit form-submit submit\" \/>\r\n\t\t<\/div>\r\n\t<\/div>\r\n<\/div>\r\n<input type=\"hidden\" id=\"cred_form_532_1_1__cred_cred_prefix_post_id\" name=\"_cred_cred_prefix_post_id\" value=\"89948\" class=\"wpt-form-hidden form-hidden\" data-wpt-id=\"cred_form_532_1_1_cred_form_532_1_1__cred_cred_prefix_post_id\" data-wpt-name=\"_cred_cred_prefix_post_id\" \/><input type=\"hidden\" id=\"cred_form_532_1_1__cred_cred_prefix_cred_container_id\" name=\"_cred_cred_prefix_cred_container_id\" value=\"5142\" class=\"wpt-form-hidden form-hidden\" data-wpt-id=\"cred_form_532_1_1_cred_form_532_1_1__cred_cred_prefix_cred_container_id\" data-wpt-name=\"_cred_cred_prefix_cred_container_id\" \/><input type=\"hidden\" id=\"cred_form_532_1_1__cred_cred_prefix_form_id\" name=\"_cred_cred_prefix_form_id\" value=\"532\" class=\"wpt-form-hidden form-hidden\" data-wpt-id=\"cred_form_532_1_1_cred_form_532_1_1__cred_cred_prefix_form_id\" data-wpt-name=\"_cred_cred_prefix_form_id\" \/><input type=\"hidden\" id=\"cred_form_532_1_1__cred_cred_prefix_form_count\" name=\"_cred_cred_prefix_form_count\" value=\"1\" class=\"wpt-form-hidden form-hidden\" data-wpt-id=\"cred_form_532_1_1_cred_form_532_1_1__cred_cred_prefix_form_count\" data-wpt-name=\"_cred_cred_prefix_form_count\" \/><\/form><\/div>\n","protected":false},"excerpt":{"rendered":"","protected":false},"author":2,"featured_media":0,"parent":0,"menu_order":0,"comment_status":"closed","ping_status":"closed","template":"","meta":{"_kad_blocks_custom_css":"","_kad_blocks_head_custom_js":"","_kad_blocks_body_custom_js":"","_kad_blocks_footer_custom_js":"","site-sidebar-layout":"default","site-content-layout":"default","ast-site-content-layout":"default","site-content-style":"default","site-sidebar-style":"default","ast-global-header-display":"","ast-banner-title-visibility":"","ast-main-header-display":"","ast-hfb-above-header-display":"","ast-hfb-below-header-display":"","ast-hfb-mobile-header-display":"","site-post-title":"","ast-breadcrumbs-content":"","ast-featured-img":"","footer-sml-layout":"","ast-disable-related-posts":"","theme-transparent-header-meta":"default","adv-header-id-meta":"","stick-header-meta":"default","header-above-stick-meta":"","header-main-stick-meta":"","header-below-stick-meta":"","astra-migrate-meta-layouts":"default","ast-page-background-enabled":"default","ast-page-background-meta":{"desktop":{"background-color":"","background-image":"","background-repeat":"repeat","background-position":"center center","background-size":"auto","background-attachment":"scroll","background-type":"","background-media":"","overlay-type":"","overlay-color":"","overlay-opacity":"","overlay-gradient":""},"tablet":{"background-color":"","background-image":"","background-repeat":"repeat","background-position":"center center","background-size":"auto","background-attachment":"scroll","background-type":"","background-media":"","overlay-type":"","overlay-color":"","overlay-opacity":"","overlay-gradient":""},"mobile":{"background-color":"","background-image":"","background-repeat":"repeat","background-position":"center center","background-size":"auto","background-attachment":"scroll","background-type":"","background-media":"","overlay-type":"","overlay-color":"","overlay-opacity":"","overlay-gradient":""}},"ast-content-background-meta":{"desktop":{"background-color":"var(--ast-global-color-5)","background-image":"","background-repeat":"repeat","background-position":"center center","background-size":"auto","background-attachment":"scroll","background-type":"","background-media":"","overlay-type":"","overlay-color":"","overlay-opacity":"","overlay-gradient":""},"tablet":{"background-color":"var(--ast-global-color-5)","background-image":"","background-repeat":"repeat","background-position":"center center","background-size":"auto","background-attachment":"scroll","background-type":"","background-media":"","overlay-type":"","overlay-color":"","overlay-opacity":"","overlay-gradient":""},"mobile":{"background-color":"var(--ast-global-color-5)","background-image":"","background-repeat":"repeat","background-position":"center center","background-size":"auto","background-attachment":"scroll","background-type":"","background-media":"","overlay-type":"","overlay-color":"","overlay-opacity":"","overlay-gradient":""}},"footnotes":""},"class_list":["post-5142","page","type-page","status-publish","hentry"],"taxonomy_info":[],"featured_image_src_large":false,"author_info":{"display_name":"Katja Lampela","author_link":"https:\/\/nuoritaidefolio.fi\/en\/author\/katjalampela\/"},"comment_info":0,"_links":{"self":[{"href":"https:\/\/nuoritaidefolio.fi\/en\/wp-json\/wp\/v2\/pages\/5142","targetHints":{"allow":["GET"]}}],"collection":[{"href":"https:\/\/nuoritaidefolio.fi\/en\/wp-json\/wp\/v2\/pages"}],"about":[{"href":"https:\/\/nuoritaidefolio.fi\/en\/wp-json\/wp\/v2\/types\/page"}],"author":[{"embeddable":true,"href":"https:\/\/nuoritaidefolio.fi\/en\/wp-json\/wp\/v2\/users\/2"}],"replies":[{"embeddable":true,"href":"https:\/\/nuoritaidefolio.fi\/en\/wp-json\/wp\/v2\/comments?post=5142"}],"version-history":[{"count":0,"href":"https:\/\/nuoritaidefolio.fi\/en\/wp-json\/wp\/v2\/pages\/5142\/revisions"}],"wp:attachment":[{"href":"https:\/\/nuoritaidefolio.fi\/en\/wp-json\/wp\/v2\/media?parent=5142"}],"curies":[{"name":"wp","href":"https:\/\/api.w.org\/{rel}","templated":true}]}}